{"id":3405,"date":"2022-08-18T11:45:18","date_gmt":"2022-08-18T11:45:18","guid":{"rendered":"https:\/\/anteygroup.com\/?page_id=3405"},"modified":"2022-08-18T11:45:18","modified_gmt":"2022-08-18T11:45:18","slug":"rollar-giris-ve-cixis","status":"publish","type":"page","link":"https:\/\/anteygroup.com\/index.php\/az\/rollar-giris-ve-cixis\/","title":{"rendered":"Rollar, Giri\u015f v\u0259 \u00c7\u0131x\u0131\u015f"},"content":{"rendered":"","protected":false},"excerpt":{"rendered":"","protected":false},"author":2,"featured_media":0,"parent":0,"menu_order":0,"comment_status":"closed","ping_status":"closed","template":"","meta":[],"_links":{"self":[{"href":"https:\/\/anteygroup.com\/index.php\/wp-json\/wp\/v2\/pages\/3405"}],"collection":[{"href":"https:\/\/anteygroup.com\/index.php\/wp-json\/wp\/v2\/pages"}],"about":[{"href":"https:\/\/anteygroup.com\/index.php\/wp-json\/wp\/v2\/types\/page"}],"author":[{"embeddable":true,"href":"https:\/\/anteygroup.com\/index.php\/wp-json\/wp\/v2\/users\/2"}],"replies":[{"embeddable":true,"href":"https:\/\/anteygroup.com\/index.php\/wp-json\/wp\/v2\/comments?post=3405"}],"version-history":[{"count":1,"href":"https:\/\/anteygroup.com\/index.php\/wp-json\/wp\/v2\/pages\/3405\/revisions"}],"predecessor-version":[{"id":3406,"href":"https:\/\/anteygroup.com\/index.php\/wp-json\/wp\/v2\/pages\/3405\/revisions\/3406"}],"wp:attachment":[{"href":"https:\/\/anteygroup.com\/index.php\/wp-json\/wp\/v2\/media?parent=3405"}],"curies":[{"name":"wp","href":"https:\/\/api.w.org\/{rel}","templated":true}]}}